{"id":3292,"date":"2025-01-23T11:15:54","date_gmt":"2025-01-23T16:15:54","guid":{"rendered":"https:\/\/promptinnov.com\/?page_id=3292"},"modified":"2025-12-17T10:02:02","modified_gmt":"2025-12-17T15:02:02","slug":"governance","status":"publish","type":"page","link":"https:\/\/promptinnov.com\/en\/governance\/","title":{"rendered":"Governance"},"content":{"rendered":"\n<p class=\"has-large-font-size\">Prompt\u2019s Board of Directors is composed of 15 members, all recognized experts in Quebec\u2019s innovation ecosystem. Together, they bring a wealth of diverse experience to support Prompt\u2019s mission, strengthening the depth of its actions and the credibility of its approach.<\/p>\n\n\n<section class=\"teams-accordion-section aligndefault\"\n>\n   <div class=\"teams-accordion-section__header\">\n     <p class=\"teams-accordion-section__header__surtitle\">Rich and Diverse Experience<\/p>\n     <h2 class=\"teams-accordion-section__header__title\">Our Board of Directors<\/h2>\n   <\/div>\n\n   <div class=\"teams-accordion\">\n    \n        <div class=\"teams-accordion-item\">\n          <header class=\"teams-accordion-header\">\n            <span class=\"teams-accordion-header__team-name\">Chair and Vice-Chair<\/span>\n            <button class=\"teams-accordion-header__icon icon-plus\"><\/button>\n          <\/header>\n          <div class=\"teams-accordion-content\">\n              <p class=\"teams-accordion-content__txt\"><\/p>\n              <div class=\"team-grid\">\n                                                                            <div class=\"team-member\">\n                          <img decoding=\"async\" width=\"1080\" height=\"1080\" src=\"https:\/\/promptinnov.com\/wp-content\/uploads\/2025\/01\/Elaine-Nathalie-Lamontagne-2.jpg\" class=\"attachment-post-thumbnail size-post-thumbnail wp-post-image\" alt=\"\" \/>                          <div class=\"member-name\">\n                                                            <p><span style=\"color: #2c5e75;font-size: 18px\">Elaine-Nathalie Lamontagne<\/span><\/p>\n                                                        <\/div>\n                                                      <div class=\"member-title\"><p>Partner, Taxation, Deloitte<\/p>\n<p><em>Chair of the Board<\/em><\/p>\n<\/div>\n                                                <\/div>\n                                                            <div class=\"team-member\">\n                          <img decoding=\"async\" width=\"500\" height=\"501\" src=\"https:\/\/promptinnov.com\/wp-content\/uploads\/2025\/01\/Katherine-Chartrand-Final-pic-2.jpg\" class=\"attachment-post-thumbnail size-post-thumbnail wp-post-image\" alt=\"VP communications d\u2019entreprise mondiales\u200b | BRP\" \/>                          <div class=\"member-name\">\n                                                            <p><span style=\"color: #2c5e75;font-size: 18px\">Katherine Chartrand<\/span><\/p>\n                                                        <\/div>\n                                                      <div class=\"member-title\"><p>VP, Global Corporate Communications, BRP<\/p>\n<p><em>Vice-Chair of the Board<\/em><\/p>\n<\/div>\n                                                <\/div>\n                                                <\/div>\n          <\/div>\n        <\/div>\n\n        \n        <div class=\"teams-accordion-item\">\n          <header class=\"teams-accordion-header\">\n            <span class=\"teams-accordion-header__team-name\">Directors \u2013 Large Enterprise<\/span>\n            <button class=\"teams-accordion-header__icon icon-plus\"><\/button>\n          <\/header>\n          <div class=\"teams-accordion-content\">\n              <p class=\"teams-accordion-content__txt\"><\/p>\n              <div class=\"team-grid\">\n                                                                            <div class=\"team-member\">\n                          <img decoding=\"async\" width=\"1080\" height=\"1080\" src=\"https:\/\/promptinnov.com\/wp-content\/uploads\/2025\/01\/Elaine-Nathalie-Lamontagne-2.jpg\" class=\"attachment-post-thumbnail size-post-thumbnail wp-post-image\" alt=\"\" \/>                          <div class=\"member-name\">\n                                                            <p><span style=\"color: #2c5e75;font-size: 18px\">Elaine-Nathalie Lamontagne<\/span><\/p>\n                                                        <\/div>\n                                                      <div class=\"member-title\"><p>Partner, Taxation, Deloitte<\/p>\n<p><em>Chair of the Board<\/em><\/p>\n<\/div>\n                                                <\/div>\n                                                            <div class=\"team-member\">\n                          <img decoding=\"async\" width=\"500\" height=\"501\" src=\"https:\/\/promptinnov.com\/wp-content\/uploads\/2025\/01\/Katherine-Chartrand-Final-pic-2.jpg\" class=\"attachment-post-thumbnail size-post-thumbnail wp-post-image\" alt=\"VP communications d\u2019entreprise mondiales\u200b | BRP\" \/>                          <div class=\"member-name\">\n                                                            <p><span style=\"color: #2c5e75;font-size: 18px\">Katherine Chartrand<\/span><\/p>\n                                                        <\/div>\n                                                      <div class=\"member-title\"><p>VP, Global Corporate Communications, BRP<\/p>\n<p><em>Vice-Chair of the Board<\/em><\/p>\n<\/div>\n                                                <\/div>\n                                                            <div class=\"team-member\">\n                          <img decoding=\"async\" width=\"500\" height=\"505\" src=\"https:\/\/promptinnov.com\/wp-content\/uploads\/2025\/01\/Sebastien-Michel.jpg\" class=\"attachment-post-thumbnail size-post-thumbnail wp-post-image\" alt=\"Directeur des syst\u00e8mes de gestion | Teledyne\" \/>                          <div class=\"member-name\">\n                                                            <p><span style=\"color: #2c5e75;font-size: 18px\">S\u00e9bastien Michel<\/span><\/p>\n                                                        <\/div>\n                                                      <div class=\"member-title\"><p>Director, Management Systems, Teledyne<\/p>\n<\/div>\n                                                <\/div>\n                                                <\/div>\n          <\/div>\n        <\/div>\n\n        \n        <div class=\"teams-accordion-item\">\n          <header class=\"teams-accordion-header\">\n            <span class=\"teams-accordion-header__team-name\">Directors \u2013 SMEs <\/span>\n            <button class=\"teams-accordion-header__icon icon-plus\"><\/button>\n          <\/header>\n          <div class=\"teams-accordion-content\">\n              <p class=\"teams-accordion-content__txt\"><\/p>\n              <div class=\"team-grid\">\n                                                                            <div class=\"team-member\">\n                          <img decoding=\"async\" width=\"1000\" height=\"776\" src=\"https:\/\/promptinnov.com\/wp-content\/uploads\/2025\/05\/France-Lavoie_cropped.jpg\" class=\"attachment-post-thumbnail size-post-thumbnail wp-post-image\" alt=\"\" \/>                          <div class=\"member-name\">\n                                                            <p><span style=\"color: #2c5e75;font-size: 18px\">France Lavoie<\/span><\/p>\n                                                        <\/div>\n                                                      <div class=\"member-title\"><p>Vice-President and General Manager, Devicom<\/p>\n<\/div>\n                                                <\/div>\n                                                            <div class=\"team-member\">\n                          <img decoding=\"async\" width=\"500\" height=\"500\" src=\"https:\/\/promptinnov.com\/wp-content\/uploads\/2025\/03\/Layla-Nasr-Portrait-500x500-1.jpg\" class=\"attachment-post-thumbnail size-post-thumbnail wp-post-image\" alt=\"Pr\u00e9sidente du Conseil d\u2019Administration Pr\u00e9sidente \u2013 Directrice g\u00e9n\u00e9rale | Makila AI\" \/>                          <div class=\"member-name\">\n                                                            <p><span style=\"color: #2c5e75;font-size: 18px\">Layla Nasr<\/span><\/p>\n                                                        <\/div>\n                                                      <div class=\"member-title\"><p>CEO, Makila AI<\/p>\n<\/div>\n                                                <\/div>\n                                                <\/div>\n          <\/div>\n        <\/div>\n\n        \n        <div class=\"teams-accordion-item\">\n          <header class=\"teams-accordion-header\">\n            <span class=\"teams-accordion-header__team-name\">Directors \u2013 Academia<\/span>\n            <button class=\"teams-accordion-header__icon icon-plus\"><\/button>\n          <\/header>\n          <div class=\"teams-accordion-content\">\n              <p class=\"teams-accordion-content__txt\"><\/p>\n              <div class=\"team-grid\">\n                                                                            <div class=\"team-member\">\n                          <img decoding=\"async\" width=\"744\" height=\"744\" src=\"https:\/\/promptinnov.com\/wp-content\/uploads\/2025\/01\/Julie-Dassylva.jpeg\" class=\"attachment-post-thumbnail size-post-thumbnail wp-post-image\" alt=\"\" \/>                          <div class=\"member-name\">\n                                                            <p><span style=\"color: #2c5e75;font-size: 18px\">Julie Dassylva<\/span><\/p>\n                                                        <\/div>\n                                                      <div class=\"member-title\"><p>Director, Office of Partnership Initiatives, \u00c9TS<\/p>\n<\/div>\n                                                <\/div>\n                                                            <div class=\"team-member\">\n                          <img decoding=\"async\" width=\"800\" height=\"800\" src=\"https:\/\/promptinnov.com\/wp-content\/uploads\/2025\/01\/Kristina-Ohrvall.jpg\" class=\"attachment-post-thumbnail size-post-thumbnail wp-post-image\" alt=\"\" \/>                          <div class=\"member-name\">\n                                                            <p><span style=\"color: #2c5e75;font-size: 18px\">Kristina \u00d6hrvall<\/span><\/p>\n                                                        <\/div>\n                                                      <div class=\"member-title\"><p>Associate Vice-Principal, Research and Innovation, McGill University<\/p>\n<\/div>\n                                                <\/div>\n                                                            <div class=\"team-member\">\n                          <img decoding=\"async\" width=\"500\" height=\"520\" src=\"https:\/\/promptinnov.com\/wp-content\/uploads\/2025\/01\/Jacqueline-Wallace.jpg\" class=\"attachment-post-thumbnail size-post-thumbnail wp-post-image\" alt=\"Vice\u2010rectrice, Communications, relations externes et internationales | Polytechnique Montr\u00e9al\" \/>                          <div class=\"member-name\">\n                                                            <p><span style=\"color: #2c5e75;font-size: 18px\">Jacqueline Wallace, PhD.<\/span><\/p>\n                                                        <\/div>\n                                                      <div class=\"member-title\"><p>Vice-Rector, Communications, External and International Relations, Polytechnique Montr\u00e9al<\/p>\n<\/div>\n                                                <\/div>\n                                                            <div class=\"team-member\">\n                          <img decoding=\"async\" width=\"500\" height=\"487\" src=\"https:\/\/promptinnov.com\/wp-content\/uploads\/2025\/01\/Christian-Sarra-Bournet.jpg\" class=\"attachment-post-thumbnail size-post-thumbnail wp-post-image\" alt=\"Directeur ex\u00e9cutif\u200b | Institut quantique de l\u2019Universit\u00e9 de Sherbrooke\" \/>                          <div class=\"member-name\">\n                                                            <p><span style=\"color: #2c5e75;font-size: 18px\">Christian Sarra-Bournet<\/span><\/p>\n                                                        <\/div>\n                                                      <div class=\"member-title\"><p>Executive Director, Institut quantique, Universit\u00e9 de Sherbrooke<\/p>\n<\/div>\n                                                <\/div>\n                                                <\/div>\n          <\/div>\n        <\/div>\n\n        \n        <div class=\"teams-accordion-item\">\n          <header class=\"teams-accordion-header\">\n            <span class=\"teams-accordion-header__team-name\">Directors \u2013 College Centres for Technology Transfer (CCTT)<\/span>\n            <button class=\"teams-accordion-header__icon icon-plus\"><\/button>\n          <\/header>\n          <div class=\"teams-accordion-content\">\n              <p class=\"teams-accordion-content__txt\"><\/p>\n              <div class=\"team-grid\">\n                                                                            <div class=\"team-member\">\n                          <img decoding=\"async\" width=\"200\" height=\"200\" src=\"https:\/\/promptinnov.com\/wp-content\/uploads\/2025\/01\/Carle-beauchamp.jpeg\" class=\"attachment-post-thumbnail size-post-thumbnail wp-post-image\" alt=\"\" \/>                          <div class=\"member-name\">\n                                                            <p><span style=\"color: #2c5e75;font-size: 18px\">Carle Beauchamp<\/span><\/p>\n                                                        <\/div>\n                                                      <div class=\"member-title\"><p>Technology &#038; Innovation Advisor, National Research Council of Canada (NRC)<\/p>\n<\/div>\n                                                <\/div>\n                                                <\/div>\n          <\/div>\n        <\/div>\n\n        \n        <div class=\"teams-accordion-item\">\n          <header class=\"teams-accordion-header\">\n            <span class=\"teams-accordion-header__team-name\">Independent Director<\/span>\n            <button class=\"teams-accordion-header__icon icon-plus\"><\/button>\n          <\/header>\n          <div class=\"teams-accordion-content\">\n              <p class=\"teams-accordion-content__txt\"><\/p>\n              <div class=\"team-grid\">\n                                                                            <div class=\"team-member\">\n                          <img decoding=\"async\" width=\"200\" height=\"200\" src=\"https:\/\/promptinnov.com\/wp-content\/uploads\/2025\/01\/2-Jacques-Charron.jpg\" class=\"attachment-post-thumbnail size-post-thumbnail wp-post-image\" alt=\"\" \/>                          <div class=\"member-name\">\n                                                            <p><span style=\"color: #2c5e75;font-size: 18px\">Jacques Charron<\/span><\/p>\n                                                        <\/div>\n                                                      <div class=\"member-title\"><p>CEO, K2 Geospatial<\/p>\n<\/div>\n                                                <\/div>\n                                                <\/div>\n          <\/div>\n        <\/div>\n\n        \n        <div class=\"teams-accordion-item\">\n          <header class=\"teams-accordion-header\">\n            <span class=\"teams-accordion-header__team-name\">Observers<\/span>\n            <button class=\"teams-accordion-header__icon icon-plus\"><\/button>\n          <\/header>\n          <div class=\"teams-accordion-content\">\n              <p class=\"teams-accordion-content__txt\"><\/p>\n              <div class=\"team-grid\">\n                                                                            <div class=\"team-member\">\n                          <img decoding=\"async\" width=\"500\" height=\"513\" src=\"https:\/\/promptinnov.com\/wp-content\/uploads\/2025\/01\/10-Janice-Bailey.jpg\" class=\"attachment-post-thumbnail size-post-thumbnail wp-post-image\" alt=\"Directrice scientifique Fonds de recherche du Qu\u00e9bec\" \/>                          <div class=\"member-name\">\n                                                            <p><span style=\"color: #2c5e75;font-size: 18px\">Janice Bailey<\/span><\/p>\n                                                        <\/div>\n                                                      <div class=\"member-title\"><p>Scientific Director, Fonds de recherche du Qu\u00e9bec<\/p>\n<\/div>\n                                                <\/div>\n                                                            <div class=\"team-member\">\n                          <img decoding=\"async\" width=\"800\" height=\"800\" src=\"https:\/\/promptinnov.com\/wp-content\/uploads\/2025\/01\/Daria-Riabinina.jpg\" class=\"attachment-post-thumbnail size-post-thumbnail wp-post-image\" alt=\"\" \/>                          <div class=\"member-name\">\n                                                            <p><span style=\"color: #2c5e75;font-size: 18px\">Daria Riabinina<\/span><\/p>\n                                                        <\/div>\n                                                      <div class=\"member-title\"><p>Director, Collaborative Research Directorate, MEIE (Minist\u00e8re de l&#8217;\u00c9conomie, de l&#8217;Innovation et de l&#8217;\u00c9nergie)<\/p>\n<\/div>\n                                                <\/div>\n                                                            <div class=\"team-member\">\n                          <img decoding=\"async\" width=\"500\" height=\"500\" src=\"https:\/\/promptinnov.com\/wp-content\/uploads\/2025\/01\/4-Philippe-Moralet.jpg\" class=\"attachment-post-thumbnail size-post-thumbnail wp-post-image\" alt=\"Directeur technique | Thales\" \/>                          <div class=\"member-name\">\n                                                            <p><span style=\"color: #2c5e75;font-size: 18px\">Philippe Molaret<\/span><\/p>\n                                                        <\/div>\n                                                      <div class=\"member-title\"><p>Technical Director, Thales<\/p>\n<\/div>\n                                                <\/div>\n                                                <\/div>\n          <\/div>\n        <\/div>\n\n        \n    <\/div>\n<\/section>\n\n\n\n<div class=\"wp-block-columns is-layout-flex wp-container-core-columns-is-layout-28f84493 wp-block-columns-is-layout-flex\">\n<div class=\"wp-block-column is-layout-flow wp-block-column-is-layout-flow\">\n<h2 class=\"wp-block-heading\">Main Partner<\/h2>\n<\/div>\n\n\n\n<div class=\"wp-block-column is-layout-flow wp-block-column-is-layout-flow\">\n<figure class=\"wp-block-image alignright size-full\"><img decoding=\"async\" width=\"497\" height=\"211\" src=\"https:\/\/promptinnov.com\/wp-content\/uploads\/2025\/07\/QUEBEC_Participation_Web_Coul_ANG.png\" alt=\"\" class=\"wp-image-3139\" srcset=\"https:\/\/promptinnov.com\/wp-content\/uploads\/2025\/07\/QUEBEC_Participation_Web_Coul_ANG.png 497w, https:\/\/promptinnov.com\/wp-content\/uploads\/2025\/07\/QUEBEC_Participation_Web_Coul_ANG-300x127.png 300w\" sizes=\"(max-width: 497px) 100vw, 497px\" \/><\/figure>\n<\/div>\n<\/div>\n","protected":false},"excerpt":{"rendered":"<p>Prompt\u2019s Board of Directors is composed of 15 members, all recognized experts in Quebec\u2019s innovation ecosystem. Together, they bring a wealth of diverse experience to support Prompt\u2019s mission, strengthening the depth of its actions and the credibility of its approach.<\/p>\n","protected":false},"author":3,"featured_media":0,"parent":0,"menu_order":0,"comment_status":"closed","ping_status":"closed","template":"template-sidebar.php","meta":{"_acf_changed":false,"footnotes":""},"class_list":["post-3292","page","type-page","status-publish","hentry"],"acf":[],"_links":{"self":[{"href":"https:\/\/promptinnov.com\/en\/wp-json\/wp\/v2\/pages\/3292","targetHints":{"allow":["GET"]}}],"collection":[{"href":"https:\/\/promptinnov.com\/en\/wp-json\/wp\/v2\/pages"}],"about":[{"href":"https:\/\/promptinnov.com\/en\/wp-json\/wp\/v2\/types\/page"}],"author":[{"embeddable":true,"href":"https:\/\/promptinnov.com\/en\/wp-json\/wp\/v2\/users\/3"}],"replies":[{"embeddable":true,"href":"https:\/\/promptinnov.com\/en\/wp-json\/wp\/v2\/comments?post=3292"}],"version-history":[{"count":5,"href":"https:\/\/promptinnov.com\/en\/wp-json\/wp\/v2\/pages\/3292\/revisions"}],"predecessor-version":[{"id":4601,"href":"https:\/\/promptinnov.com\/en\/wp-json\/wp\/v2\/pages\/3292\/revisions\/4601"}],"wp:attachment":[{"href":"https:\/\/promptinnov.com\/en\/wp-json\/wp\/v2\/media?parent=3292"}],"curies":[{"name":"wp","href":"https:\/\/api.w.org\/{rel}","templated":true}]}}